{"id":1292,"date":"2025-04-02T23:05:00","date_gmt":"2025-04-02T23:05:00","guid":{"rendered":"https:\/\/lacremedesign.lopublicaste.com\/?page_id=1292"},"modified":"2025-09-13T00:47:20","modified_gmt":"2025-09-13T00:47:20","slug":"terms-of-service","status":"publish","type":"page","link":"https:\/\/lacremedesign.io\/es\/terms-of-service\/","title":{"rendered":"Terms of Service"},"content":{"rendered":"<div data-elementor-type=\"wp-page\" data-elementor-id=\"1292\" class=\"elementor elementor-1292\" data-elementor-post-type=\"page\">\n\t\t\t\t<div class=\"elementor-element elementor-element-71e306c e-flex e-con-boxed e-con e-parent\" data-id=\"71e306c\" data-element_type=\"container\">\n\t\t\t\t\t<div class=\"e-con-inner\">\n\t\t<div class=\"elementor-element elementor-element-2519da6 e-con-full e-flex e-con e-child\" data-id=\"2519da6\" data-element_type=\"container\">\n\t\t\t\t<div class=\"elementor-element elementor-element-d36548c elementor-widget elementor-widget-heading\" data-id=\"d36548c\" data-element_type=\"widget\" data-widget_type=\"heading.default\">\n\t\t\t\t<div class=\"elementor-widget-container\">\n\t\t\t\t\t<h3 class=\"elementor-heading-title elementor-size-default\">T\u00e9rminos de uso<\/h3>\t\t\t\t<\/div>\n\t\t\t\t<\/div>\n\t\t\t\t<div class=\"elementor-element elementor-element-75d5b70 elementor-widget elementor-widget-text-editor\" data-id=\"75d5b70\" data-element_type=\"widget\" data-widget_type=\"text-editor.default\">\n\t\t\t\t<div class=\"elementor-widget-container\">\n\t\t\t\t\t\t\t\t\t<p data-pm-slice=\"1 1 []\"><strong>\u00daltima actualizaci\u00f3n: [2-04-2025]<\/strong><\/p>\nAl utilizar los servicios de La Creme Design, aceptas los siguientes t\u00e9rminos de uso. Por favor, l\u00e9elos detenidamente.\n\n<h5>1. Descripci\u00f3n del Servicio<\/h5>\nLa Creme Design ofrece dise\u00f1o gr\u00e1fico on demand a trav\u00e9s de una suscripci\u00f3n mensual. Los usuarios pueden solicitar piezas gr\u00e1ficas que ser\u00e1n entregadas en un plazo promedio de 24 a 48 horas.\n\n<h5>2. Uso de la Plataforma<\/h5>\nEl cliente tendr\u00e1 acceso a la plataforma de colaboraci\u00f3n, donde podr\u00e1 cargar sus requerimientos de dise\u00f1o y dar seguimiento a los proyectos. El uso de Ruttl facilita el intercambio de ideas y la revisi\u00f3n de avances en tiempo real.\n\n<h5>3. Derechos de Propiedad<\/h5>\nTodos los dise\u00f1os entregados son propiedad del cliente una vez completado el proyecto y procesado el pago. La Creme Design no conserva derechos sobre el material final entregado.\n\n<h5>4. Limitaci\u00f3n de Responsabilidad<\/h5>\nLa Creme Design no se hace responsable por el uso indebido de los dise\u00f1os entregados ni por problemas derivados de la interpretaci\u00f3n incorrecta de las solicitudes por parte del cliente.\n\n<h5>5. Cancelaci\u00f3n y Reembolso<\/h5>\nLos usuarios pueden cancelar su suscripci\u00f3n en cualquier momento, pero no se realizar\u00e1n reembolsos por el tiempo restante del ciclo de facturaci\u00f3n actual.\n\n<h5>6. Modificaci\u00f3n de T\u00e9rminos<\/h5>\nNos reservamos el derecho de modificar estos t\u00e9rminos de uso en cualquier momento. Te recomendamos revisarlos peri\u00f3dicamente para estar al tanto de los cambios.\n\nSi tienes alguna duda o inquietud, no dudes en ponerte en contacto con nosotros a trav\u00e9s de nuestro formulario de soporte.\t\t\t\t\t\t\t\t<\/div>\n\t\t\t\t<\/div>\n\t\t\t\t<\/div>\n\t\t\t\t\t<\/div>\n\t\t\t\t<\/div>\n\t\t\t\t<\/div>","protected":false},"excerpt":{"rendered":"<p>T\u00e9rminos de uso \u00daltima actualizaci\u00f3n: [2-04-2025] Al utilizar los servicios de La Creme Design, aceptas los siguientes t\u00e9rminos de uso. Por favor, l\u00e9elos detenidamente. 1. Descripci\u00f3n del Servicio La Creme Design ofrece dise\u00f1o gr\u00e1fico on demand a trav\u00e9s de una suscripci\u00f3n mensual. Los usuarios pueden solicitar piezas gr\u00e1ficas que ser\u00e1n entregadas en un plazo promedio [&hellip;]<\/p>","protected":false},"author":1,"featured_media":0,"parent":0,"menu_order":0,"comment_status":"closed","ping_status":"closed","template":"","meta":{"_acf_changed":false,"inline_featured_image":false,"footnotes":""},"class_list":["post-1292","page","type-page","status-publish","hentry"],"acf":[],"_links":{"self":[{"href":"https:\/\/lacremedesign.io\/es\/wp-json\/wp\/v2\/pages\/1292","targetHints":{"allow":["GET"]}}],"collection":[{"href":"https:\/\/lacremedesign.io\/es\/wp-json\/wp\/v2\/pages"}],"about":[{"href":"https:\/\/lacremedesign.io\/es\/wp-json\/wp\/v2\/types\/page"}],"author":[{"embeddable":true,"href":"https:\/\/lacremedesign.io\/es\/wp-json\/wp\/v2\/users\/1"}],"replies":[{"embeddable":true,"href":"https:\/\/lacremedesign.io\/es\/wp-json\/wp\/v2\/comments?post=1292"}],"version-history":[{"count":0,"href":"https:\/\/lacremedesign.io\/es\/wp-json\/wp\/v2\/pages\/1292\/revisions"}],"wp:attachment":[{"href":"https:\/\/lacremedesign.io\/es\/wp-json\/wp\/v2\/media?parent=1292"}],"curies":[{"name":"wp","href":"https:\/\/api.w.org\/{rel}","templated":true}]}}